{"id":277895,"date":"2023-03-09T23:32:08","date_gmt":"2023-03-09T23:32:08","guid":{"rendered":"https:\/\/www.blisstravel.gr\/?page_id=277895"},"modified":"2023-03-14T22:53:36","modified_gmt":"2023-03-14T22:53:36","slug":"noticias","status":"publish","type":"page","link":"https:\/\/www.blisstravel.gr\/es\/noticias\/","title":{"rendered":"Noticias"},"content":{"rendered":"<p>[et_pb_section fb_built=\u00bb1&#8243; _builder_version=\u00bb4.19.1&#8243; _module_preset=\u00bbdefault\u00bb background_enable_color=\u00bboff\u00bb background_enable_image=\u00bboff\u00bb custom_padding=\u00bb||3px|||\u00bb locked=\u00bboff\u00bb global_colors_info=\u00bb{}\u00bb][et_pb_row _builder_version=\u00bb4.19.4&#8243; _module_preset=\u00bbdefault\u00bb background_image=\u00bbhttps:\/\/www.blisstravel.gr\/wp-content\/uploads\/2023\/02\/bliss-news.jpg\u00bb parallax=\u00bbon\u00bb width=\u00bb90%\u00bb max_width=\u00bb90%\u00bb height=\u00bb400px\u00bb global_colors_info=\u00bb{}\u00bb][et_pb_column type=\u00bb4_4&#8243; _builder_version=\u00bb4.19.1&#8243; _module_preset=\u00bbdefault\u00bb global_colors_info=\u00bb{}\u00bb][\/et_pb_column][\/et_pb_row][et_pb_row disabled_on=\u00bboff|off|off\u00bb _builder_version=\u00bb4.19.4&#8243; _module_preset=\u00bbdefault\u00bb custom_margin=\u00bb39px|auto||auto||\u00bb custom_padding=\u00bb||23px|||\u00bb animation_style=\u00bbslide\u00bb animation_direction=\u00bbbottom\u00bb animation_intensity_slide=\u00bb3%\u00bb locked=\u00bboff\u00bb global_colors_info=\u00bb{}\u00bb][et_pb_column type=\u00bb4_4&#8243; _builder_version=\u00bb4.18.0&#8243; _module_preset=\u00bbdefault\u00bb global_colors_info=\u00bb{}\u00bb][et_pb_image src=\u00bbhttps:\/\/www.blisstravel.gr\/wp-content\/uploads\/2022\/11\/BlissTravel-Design1.jpg\u00bb title_text=\u00bbBlissTravel | Design &#8211; 21&#8243; align=\u00bbcenter\u00bb _builder_version=\u00bb4.19.4&#8243; _module_preset=\u00bbdefault\u00bb width=\u00bb25%\u00bb width_tablet=\u00bb45%\u00bb width_phone=\u00bb45%\u00bb width_last_edited=\u00bbon|tablet\u00bb custom_margin=\u00bb||52px|||\u00bb locked=\u00bboff\u00bb global_colors_info=\u00bb{}\u00bb][\/et_pb_image][et_pb_blurb title=\u00bbNOTICIAS\u00bb content_max_width=\u00bb1100px\u00bb _builder_version=\u00bb4.19.4&#8243; _module_preset=\u00bbdefault\u00bb header_level=\u00bbh1&#8243; header_font=\u00bbPoppins|500||on|||||\u00bb header_text_align=\u00bbcenter\u00bb header_text_color=\u00bb#008AAB\u00bb header_font_size=\u00bb60px\u00bb header_letter_spacing=\u00bb5px\u00bb body_font=\u00bbCantarell||||||||\u00bb locked=\u00bboff\u00bb global_colors_info=\u00bb{}\u00bb][\/et_pb_blurb][\/et_pb_column][\/et_pb_row][et_pb_row _builder_version=\u00bb4.19.1&#8243; _module_preset=\u00bbdefault\u00bb global_colors_info=\u00bb{}\u00bb][et_pb_column type=\u00bb4_4&#8243; _builder_version=\u00bb4.19.1&#8243; _module_preset=\u00bbdefault\u00bb global_colors_info=\u00bb{}\u00bb][et_pb_text _builder_version=\u00bb4.19.4&#8243; _module_preset=\u00bbdefault\u00bb text_font=\u00bbPoppins|200|||||||\u00bb text_text_color=\u00bb#383838&#8243; text_font_size=\u00bb25px\u00bb text_line_height=\u00bb1.3em\u00bb text_orientation=\u00bbcenter\u00bb global_colors_info=\u00bb{}\u00bb]<\/p>\n<p><span>BlissTravel es una agencia de viajes boutique formada por un equipo de profesionales del turismo que dise\u00f1an viajes y que van m\u00e1s all\u00e1 de la mera venta de paquetes prefabricados, creando desde cero experiencias y viajes exclusivos.<\/span><\/p>\n<p>[\/et_pb_text][\/et_pb_column][\/et_pb_row][\/et_pb_section][et_pb_section fb_built=\u00bb1&#8243; _builder_version=\u00bb4.18.0&#8243; _module_preset=\u00bbdefault\u00bb height=\u00bb5px\u00bb custom_padding=\u00bb0px||0px||true|false\u00bb global_colors_info=\u00bb{}\u00bb][\/et_pb_section][et_pb_section fb_built=\u00bb1&#8243; admin_label=\u00bb09 Blog Grid\u00bb _builder_version=\u00bb4.16&#8243; _module_preset=\u00bbdefault\u00bb locked=\u00bboff\u00bb collapsed=\u00bboff\u00bb global_colors_info=\u00bb{}\u00bb][et_pb_row _builder_version=\u00bb4.16&#8243; _module_preset=\u00bbdefault\u00bb locked=\u00bboff\u00bb global_colors_info=\u00bb{}\u00bb][et_pb_column type=\u00bb4_4&#8243; _builder_version=\u00bb4.16&#8243; _module_preset=\u00bbdefault\u00bb global_colors_info=\u00bb{}\u00bb][difl_postgrid posts_number=\u00bb4&#8243; show_pagination=\u00bbon\u00bb use_image_as_background=\u00bbon\u00bb alignment=\u00bbcenter\u00bb column=\u00bb2&#8243; gutter=\u00bb50&#8243; equal_height=\u00bbon\u00bb item_background_bgcolor=\u00bbrgba(0,0,0,0)\u00bb item_background_color_gradient_1=\u00bbrgba(0,0,0,0.39)\u00bb item_background_color_gradient_2=\u00bbrgba(0,0,0,0.35)\u00bb item_background_background_image_size=\u00bbcustom\u00bb item_background_size_width=\u00bb100%\u00bb item_background_size_height=\u00bb0%\u00bb pagination_background_bgcolor=\u00bb#008AAB\u00bb item_padding=\u00bb170px|20px|100px|20px|false|true\u00bb pagination_padding=\u00bb5px|15px|5px|15px|true|true\u00bb column_tablet=\u00bb1&#8243; column_phone=\u00bb\u00bb column_last_edited=\u00bbon|desktop\u00bb _builder_version=\u00bb4.19.4&#8243; _module_preset=\u00bbdefault\u00bb pagination_font=\u00bbPoppins|200|||||||\u00bb pagination_text_color=\u00bb#FFFFFF\u00bb hover_enabled=\u00bb0&#8243; border_width_all_item_outer=\u00bb5px\u00bb border_color_all_item_outer=\u00bbRGBA(0,0,0,0)\u00bb border_width_all_pagination=\u00bb10px\u00bb border_color_all_pagination=\u00bb#008AAB\u00bb box_shadow_style_item_outer=\u00bbpreset1&#8243; global_colors_info=\u00bb{}\u00bb item_padding__hover_enabled=\u00bbon|hover\u00bb item_padding__hover=\u00bb150px||120px||false|true\u00bb item_background_size_height__hover_enabled=\u00bbon|hover\u00bb item_background_size_height__hover=\u00bb100%\u00bb sticky_enabled=\u00bb0&#8243;][difl_postitem type=\u00bbtitle\u00bb title_tag=\u00bbh3&#8243; _builder_version=\u00bb4.19.4&#8243; _module_preset=\u00bbdefault\u00bb post_font_style_font=\u00bbPoppins|200|||||||\u00bb post_font_style_text_color=\u00bb#FFFFFF\u00bb post_font_style_font_size=\u00bb30px\u00bb global_colors_info=\u00bb{}\u00bb][\/difl_postitem][difl_postitem type=\u00bbbutton\u00bb read_more_text=\u00bbSigue leyendo\u00bb element_margin=\u00bb0px||0px||false|false\u00bb button_padding=\u00bb8px|16px|8px|16px|true|true\u00bb _builder_version=\u00bb4.19.4&#8243; _module_preset=\u00bbdefault\u00bb post_font_style_font=\u00bbPoppins|300|||||||\u00bb post_font_style_text_color=\u00bbRGBA(255,255,255,0)\u00bb background_enable_color=\u00bboff\u00bb width=\u00bb220px\u00bb module_alignment=\u00bbcenter\u00bb hover_enabled=\u00bb0&#8243; border_color_all=\u00bb#008AAB\u00bb box_shadow_style=\u00bbpreset1&#8243; box_shadow_vertical=\u00bb0px\u00bb box_shadow_blur=\u00bb0px\u00bb global_colors_info=\u00bb{}\u00bb post_font_style_text_color__hover_enabled=\u00bbon|hover\u00bb post_font_style_text_color__hover=\u00bb#FFFFFF\u00bb background__hover_enabled=\u00bbon|hover\u00bb background_color__hover=\u00bb#008AAB\u00bb background_enable_color__hover=\u00bbon\u00bb box_shadow_vertical__hover_enabled=\u00bbon|hover\u00bb box_shadow_vertical__hover=\u00bb2px\u00bb box_shadow_blur__hover_enabled=\u00bbon|hover\u00bb box_shadow_blur__hover=\u00bb18px\u00bb button_margin__hover_enabled=\u00bbon|hover\u00bb border_radii__hover_enabled=\u00bbon|hover\u00bb border_radii__hover=\u00bbon||||\u00bb element_margin__hover_enabled=\u00bboff|hover\u00bb border_width_all__hover_enabled=\u00bbon|hover\u00bb border_width_all__hover=\u00bb10px\u00bb sticky_enabled=\u00bb0&#8243;][\/difl_postitem][\/difl_postgrid][\/et_pb_column][\/et_pb_row][\/et_pb_section][et_pb_section fb_built=\u00bb1&#8243; _builder_version=\u00bb4.18.0&#8243; _module_preset=\u00bbdefault\u00bb height=\u00bb5px\u00bb custom_padding=\u00bb0px||0px||true|false\u00bb global_colors_info=\u00bb{}\u00bb][\/et_pb_section][et_pb_section fb_built=\u00bb1&#8243; _builder_version=\u00bb4.18.0&#8243; _module_preset=\u00bbdefault\u00bb height=\u00bb5px\u00bb custom_padding=\u00bb0px||0px||true|false\u00bb global_colors_info=\u00bb{}\u00bb][\/et_pb_section]<\/p>\n","protected":false},"excerpt":{"rendered":"<p>BlissTravel es una agencia de viajes boutique formada por un equipo de profesionales del turismo que dise\u00f1an viajes y que van m\u00e1s all\u00e1 de la mera venta de paquetes prefabricados, creando desde cero experiencias y viajes exclusivos.<div class=\"et_pb_module difl_postgrid difl_postgrid_0\">\n\t\t\t\t\n\t\t\t\t\n\t\t\t\t\n\t\t\t\t\n\t\t\t\t\n\t\t\t\t\n\t\t\t\t<div class=\"et_pb_module_inner\">\n\t\t\t\t\t<h2 style=\"background:#eee; padding: 10px 20px;\">Please <strong>Add New Post Element.<\/strong><\/h2>\n\t\t\t\t<\/div>\n\t\t\t<\/div><\/p>\n","protected":false},"author":1,"featured_media":0,"parent":0,"menu_order":0,"comment_status":"closed","ping_status":"closed","template":"","meta":{"_et_pb_use_builder":"on","_et_pb_old_content":"<p>[et_pb_section fb_built=\"1\" _builder_version=\"4.19.1\" _module_preset=\"default\" background_enable_color=\"off\" background_enable_image=\"off\" custom_padding=\"||3px|||\" locked=\"off\" global_colors_info=\"{}\"][et_pb_row _builder_version=\"4.19.4\" _module_preset=\"default\" background_image=\"https:\/\/www.blisstravel.gr\/wp-content\/uploads\/2023\/02\/bliss-news.jpg\" parallax=\"on\" width=\"90%\" max_width=\"90%\" height=\"400px\" global_colors_info=\"{}\"][et_pb_column type=\"4_4\" _builder_version=\"4.19.1\" _module_preset=\"default\" global_colors_info=\"{}\"][\/et_pb_column][\/et_pb_row][et_pb_row disabled_on=\"off|off|off\" _builder_version=\"4.19.4\" _module_preset=\"default\" custom_margin=\"39px|auto||auto||\" custom_padding=\"||23px|||\" animation_style=\"slide\" animation_direction=\"bottom\" animation_intensity_slide=\"3%\" locked=\"off\" global_colors_info=\"{}\"][et_pb_column type=\"4_4\" _builder_version=\"4.18.0\" _module_preset=\"default\" global_colors_info=\"{}\"][et_pb_image src=\"https:\/\/www.blisstravel.gr\/wp-content\/uploads\/2022\/11\/BlissTravel-Design1.jpg\" title_text=\"BlissTravel | Design - 21\" align=\"center\" _builder_version=\"4.19.4\" _module_preset=\"default\" width=\"25%\" width_tablet=\"45%\" width_phone=\"45%\" width_last_edited=\"on|tablet\" custom_margin=\"||52px|||\" locked=\"off\" global_colors_info=\"{}\"][\/et_pb_image][et_pb_blurb title=\"NEWS\" content_max_width=\"1100px\" _builder_version=\"4.19.4\" _module_preset=\"default\" header_level=\"h1\" header_font=\"Poppins|500||on|||||\" header_text_align=\"center\" header_text_color=\"#008AAB\" header_font_size=\"60px\" header_letter_spacing=\"5px\" body_font=\"Cantarell||||||||\" locked=\"off\" global_colors_info=\"{}\"][\/et_pb_blurb][\/et_pb_column][\/et_pb_row][et_pb_row _builder_version=\"4.19.1\" _module_preset=\"default\" global_colors_info=\"{}\"][et_pb_column type=\"4_4\" _builder_version=\"4.19.1\" _module_preset=\"default\" global_colors_info=\"{}\"][et_pb_text _builder_version=\"4.19.1\" _module_preset=\"default\" text_font=\"Poppins|200|||||||\" text_text_color=\"#383838\" text_font_size=\"25px\" text_line_height=\"1.3em\" text_orientation=\"center\" global_colors_info=\"{}\"]<\/p><p>BlissTravel is a boutique travel agency formed by a team of proficient like-minded travel designers that go beyond just selling pre-made packages by creating from scratch exclusive journeys and travel experiences.<\/p><p>[\/et_pb_text][\/et_pb_column][\/et_pb_row][\/et_pb_section][et_pb_section fb_built=\"1\" _builder_version=\"4.18.0\" _module_preset=\"default\" height=\"5px\" custom_padding=\"0px||0px||true|false\" global_colors_info=\"{}\"][\/et_pb_section][et_pb_section fb_built=\"1\" admin_label=\"09 Blog Grid\" _builder_version=\"4.16\" _module_preset=\"default\" locked=\"off\" collapsed=\"off\" global_colors_info=\"{}\"][et_pb_row _builder_version=\"4.16\" _module_preset=\"default\" locked=\"off\" global_colors_info=\"{}\"][et_pb_column type=\"4_4\" _builder_version=\"4.16\" _module_preset=\"default\" global_colors_info=\"{}\"][difl_postgrid posts_number=\"4\" show_pagination=\"on\" use_image_as_background=\"on\" alignment=\"center\" column=\"2\" gutter=\"50\" equal_height=\"on\" item_background_bgcolor=\"rgba(0,0,0,0)\" item_background_color_gradient_1=\"rgba(0,0,0,0.39)\" item_background_color_gradient_2=\"rgba(0,0,0,0.35)\" item_background_background_image_size=\"custom\" item_background_size_width=\"100%\" item_background_size_height=\"0%\" pagination_background_bgcolor=\"#008AAB\" item_padding=\"170px|20px|100px|20px|false|true\" pagination_padding=\"5px|15px|5px|15px|true|true\" column_tablet=\"1\" column_phone=\"\" column_last_edited=\"on|desktop\" _builder_version=\"4.19.4\" _module_preset=\"default\" pagination_font=\"Poppins|200|||||||\" pagination_text_color=\"#FFFFFF\" hover_enabled=\"0\" border_width_all_item_outer=\"5px\" border_color_all_item_outer=\"RGBA(0,0,0,0)\" border_width_all_pagination=\"10px\" border_color_all_pagination=\"#008AAB\" box_shadow_style_item_outer=\"preset1\" global_colors_info=\"{}\" item_padding__hover_enabled=\"on|hover\" item_padding__hover=\"150px||120px||false|true\" item_background_size_height__hover_enabled=\"on|hover\" item_background_size_height__hover=\"100%\" sticky_enabled=\"0\"][difl_postitem type=\"title\" title_tag=\"h3\" _builder_version=\"4.19.4\" _module_preset=\"default\" post_font_style_font=\"Poppins|200|||||||\" post_font_style_text_color=\"#FFFFFF\" post_font_style_font_size=\"30px\" global_colors_info=\"{}\"][\/difl_postitem][difl_postitem type=\"button\" read_more_text=\"Continue Reading\" element_margin=\"0px||0px||false|false\" button_padding=\"8px|16px|8px|16px|true|true\" _builder_version=\"4.19.1\" _module_preset=\"default\" post_font_style_font=\"Poppins|300|||||||\" post_font_style_text_color=\"RGBA(255,255,255,0)\" background_enable_color=\"off\" width=\"220px\" module_alignment=\"center\" border_color_all=\"#008AAB\" box_shadow_style=\"preset1\" box_shadow_vertical=\"0px\" box_shadow_blur=\"0px\" global_colors_info=\"{}\" post_font_style_text_color__hover_enabled=\"on|hover\" post_font_style_text_color__hover=\"#FFFFFF\" background__hover_enabled=\"on|hover\" background_color__hover=\"#008AAB\" background_enable_color__hover=\"on\" box_shadow_vertical__hover_enabled=\"on|hover\" box_shadow_vertical__hover=\"2px\" box_shadow_blur__hover_enabled=\"on|hover\" box_shadow_blur__hover=\"18px\" button_margin__hover_enabled=\"on|hover\" border_radii__hover_enabled=\"on|hover\" border_radii__hover=\"on||||\" element_margin__hover_enabled=\"off|hover\" border_width_all__hover_enabled=\"on|hover\" border_width_all__hover=\"10px\"][\/difl_postitem][\/difl_postgrid][\/et_pb_column][\/et_pb_row][\/et_pb_section][et_pb_section fb_built=\"1\" _builder_version=\"4.18.0\" _module_preset=\"default\" height=\"5px\" custom_padding=\"0px||0px||true|false\" global_colors_info=\"{}\"][\/et_pb_section][et_pb_section fb_built=\"1\" _builder_version=\"4.18.0\" _module_preset=\"default\" height=\"5px\" custom_padding=\"0px||0px||true|false\" global_colors_info=\"{}\"][\/et_pb_section]<\/p>","_et_gb_content_width":"","footnotes":""},"class_list":["post-277895","page","type-page","status-publish","hentry"],"_links":{"self":[{"href":"https:\/\/www.blisstravel.gr\/es\/wp-json\/wp\/v2\/pages\/277895","targetHints":{"allow":["GET"]}}],"collection":[{"href":"https:\/\/www.blisstravel.gr\/es\/wp-json\/wp\/v2\/pages"}],"about":[{"href":"https:\/\/www.blisstravel.gr\/es\/wp-json\/wp\/v2\/types\/page"}],"author":[{"embeddable":true,"href":"https:\/\/www.blisstravel.gr\/es\/wp-json\/wp\/v2\/users\/1"}],"replies":[{"embeddable":true,"href":"https:\/\/www.blisstravel.gr\/es\/wp-json\/wp\/v2\/comments?post=277895"}],"version-history":[{"count":7,"href":"https:\/\/www.blisstravel.gr\/es\/wp-json\/wp\/v2\/pages\/277895\/revisions"}],"predecessor-version":[{"id":278158,"href":"https:\/\/www.blisstravel.gr\/es\/wp-json\/wp\/v2\/pages\/277895\/revisions\/278158"}],"wp:attachment":[{"href":"https:\/\/www.blisstravel.gr\/es\/wp-json\/wp\/v2\/media?parent=277895"}],"curies":[{"name":"wp","href":"https:\/\/api.w.org\/{rel}","templated":true}]}}