{"id":279338,"date":"2024-09-30T10:17:02","date_gmt":"2024-09-30T10:17:02","guid":{"rendered":"https:\/\/www.blisstravel.gr\/bienvenido-a-grecia\/vacaciones-de-lujo\/echoes-of-the-minoans\/"},"modified":"2025-01-14T09:30:38","modified_gmt":"2025-01-14T09:30:38","slug":"ecos-de-los-minoicos-aventura-en-creta-y-santorini","status":"publish","type":"page","link":"https:\/\/www.blisstravel.gr\/es\/bienvenido-a-grecia\/vacaciones-de-lujo\/ecos-de-los-minoicos-aventura-en-creta-y-santorini\/","title":{"rendered":"Ecos de los Minoicos: Aventura en Creta y Santorini"},"content":{"rendered":"<p>[et_pb_section fb_built=\u00bb1&#8243; _builder_version=\u00bb4.27.0&#8243; _module_preset=\u00bbdefault\u00bb background_color=\u00bb#008AAB\u00bb background_image=\u00bbhttps:\/\/www.blisstravel.gr\/wp-content\/uploads\/2024\/09\/Kentriki-1.webp\u00bb height=\u00bb400px\u00bb height_tablet=\u00bb400px\u00bb height_phone=\u00bb300px\u00bb height_last_edited=\u00bbon|desktop\u00bb locked=\u00bboff\u00bb global_colors_info=\u00bb{}\u00bb][\/et_pb_section][et_pb_section fb_built=\u00bb1&#8243; _builder_version=\u00bb4.18.0&#8243; _module_preset=\u00bbdefault\u00bb height=\u00bb5px\u00bb custom_padding=\u00bb0px||0px||true|false\u00bb global_colors_info=\u00bb{}\u00bb][\/et_pb_section][et_pb_section fb_built=\u00bb1&#8243; _builder_version=\u00bb4.19.1&#8243; _module_preset=\u00bbdefault\u00bb background_color=\u00bb#FFFFFF\u00bb custom_margin=\u00bb-12px||||false|false\u00bb custom_padding=\u00bb18px||4px|||\u00bb global_colors_info=\u00bb{}\u00bb][et_pb_row _builder_version=\u00bb4.18.0&#8243; _module_preset=\u00bbdefault\u00bb custom_margin=\u00bb39px|auto|39px|auto|true|\u00bb custom_padding=\u00bb||23px|||\u00bb animation_style=\u00bbslide\u00bb animation_direction=\u00bbbottom\u00bb animation_intensity_slide=\u00bb3%\u00bb locked=\u00bboff\u00bb global_colors_info=\u00bb{}\u00bb][et_pb_column type=\u00bb4_4&#8243; _builder_version=\u00bb4.18.0&#8243; _module_preset=\u00bbdefault\u00bb global_colors_info=\u00bb{}\u00bb][et_pb_image src=\u00bbhttps:\/\/www.blisstravel.gr\/wp-content\/uploads\/2022\/11\/BlissTravel-Design1.jpg\u00bb title_text=\u00bbBlissTravel | Design &#8211; 21&#8243; align=\u00bbcenter\u00bb _builder_version=\u00bb4.19.4&#8243; _module_preset=\u00bbdefault\u00bb width=\u00bb25%\u00bb width_tablet=\u00bb45%\u00bb width_phone=\u00bb45%\u00bb width_last_edited=\u00bbon|tablet\u00bb custom_margin=\u00bb||52px|||\u00bb locked=\u00bboff\u00bb global_colors_info=\u00bb{}\u00bb][\/et_pb_image][et_pb_blurb title=\u00bbVacaciones de lujo\u00bb content_max_width=\u00bb1100px\u00bb _builder_version=\u00bb4.27.0&#8243; _module_preset=\u00bbdefault\u00bb header_level=\u00bbh2&#8243; header_font=\u00bbPoppins|500||on|||||\u00bb header_text_align=\u00bbcenter\u00bb header_text_color=\u00bb#008AAB\u00bb header_font_size=\u00bb60px\u00bb header_letter_spacing=\u00bb5px\u00bb body_font=\u00bbCantarell||||||||\u00bb custom_margin=\u00bb||67px|||\u00bb header_font_size_tablet=\u00bb40px\u00bb header_font_size_phone=\u00bb35px\u00bb header_font_size_last_edited=\u00bbon|tablet\u00bb locked=\u00bboff\u00bb global_colors_info=\u00bb{}\u00bb][\/et_pb_blurb][et_pb_blurb title=\u00bbEcos de los Minoicos: Aventura en Creta y Santorini\u00bb content_max_width=\u00bb1100px\u00bb disabled_on=\u00bboff|off|off\u00bb _builder_version=\u00bb4.27.0&#8243; _module_preset=\u00bbdefault\u00bb header_level=\u00bbh1&#8243; header_font=\u00bbPoppins|500|||||||\u00bb header_text_align=\u00bbcenter\u00bb header_text_color=\u00bb#008AAB\u00bb header_font_size=\u00bb40px\u00bb header_letter_spacing=\u00bb5px\u00bb body_font=\u00bbCantarell||||||||\u00bb header_font_size_tablet=\u00bb30px\u00bb header_font_size_phone=\u00bb20px\u00bb header_font_size_last_edited=\u00bbon|tablet\u00bb locked=\u00bboff\u00bb global_colors_info=\u00bb{}\u00bb][\/et_pb_blurb][dsm_breadcrumbs home_text=\u00bb \u00bb show_home_icon=\u00bboff\u00bb separator_icon=\u00bb&#x35;||divi||400&#8243; align=\u00bbcenter\u00bb _builder_version=\u00bb4.19.4&#8243; _module_preset=\u00bbdefault\u00bb items_font=\u00bbPoppins|200|||||||\u00bb current_font=\u00bbPoppins|200|||||||\u00bb locked=\u00bboff\u00bb global_colors_info=\u00bb{}\u00bb][\/dsm_breadcrumbs][\/et_pb_column][\/et_pb_row][\/et_pb_section][et_pb_section fb_built=\u00bb1&#8243; _builder_version=\u00bb4.19.1&#8243; _module_preset=\u00bbdefault\u00bb background_color=\u00bb#008AAB\u00bb custom_margin=\u00bb106px|||||\u00bb global_colors_info=\u00bb{}\u00bb][et_pb_row _builder_version=\u00bb4.19.4&#8243; _module_preset=\u00bbdefault\u00bb background_color=\u00bb#374E6F\u00bb width=\u00bb55%\u00bb width_tablet=\u00bb70%\u00bb width_phone=\u00bb100%\u00bb width_last_edited=\u00bbon|tablet\u00bb module_alignment=\u00bbcenter\u00bb custom_margin=\u00bb-150px|auto||auto||\u00bb custom_padding=\u00bb|30px|48px|30px|false|true\u00bb global_colors_info=\u00bb{}\u00bb][et_pb_column type=\u00bb4_4&#8243; _builder_version=\u00bb4.19.1&#8243; _module_preset=\u00bbdefault\u00bb global_colors_info=\u00bb{}\u00bb][difl_businesshours day_background_color_bgcolor=\u00bb#008AAB\u00bb day_margin=\u00bb|20px|||false|false\u00bb day_padding=\u00bb5px|5px|5px|10px|true|false\u00bb main_wrapper_margin=\u00bb||||false|false\u00bb main_wrapper_padding=\u00bb10px||||false|false\u00bb item_wrapper_margin=\u00bb||||false|false\u00bb item_wrapper_padding=\u00bb5px||||false|false\u00bb _builder_version=\u00bb4.27.0&#8243; _module_preset=\u00bbdefault\u00bb day_name_font=\u00bbPoppins|700|||||||\u00bb day_name_text_align=\u00bbleft\u00bb day_name_text_color=\u00bb#FFFFFF\u00bb day_name_letter_spacing=\u00bb1px\u00bb time_div_text_color=\u00bb#FFFFFF\u00bb title_text_text_align=\u00bbcenter\u00bb title_text_text_color=\u00bb#008AAB\u00bb module_alignment=\u00bbcenter\u00bb global_colors_info=\u00bb{}\u00bb][difl_businesshoursitem day_name=\u00bbDuraci\u00f3n: \u00bb time=\u00bb9 d\u00edas \/ 8 noches\u00bb _builder_version=\u00bb4.27.0&#8243; _module_preset=\u00bbdefault\u00bb global_colors_info=\u00bb{}\u00bb][\/difl_businesshoursitem][difl_businesshoursitem day_name=\u00bbLugares que visitar\u00e1s:\u00bb time=\u00bbChania, Elounda, Santorini\u00bb _builder_version=\u00bb4.27.0&#8243; _module_preset=\u00bbdefault\u00bb global_colors_info=\u00bb{}\u00bb][\/difl_businesshoursitem][difl_businesshoursitem day_name=\u00bbSummer: \u00bb time=\u00bbTemperatura promedio de 25 \u2013 35 \u00b0C durante el verano\u00bb _builder_version=\u00bb4.27.0&#8243; _module_preset=\u00bbdefault\u00bb global_colors_info=\u00bb{}\u00bb][\/difl_businesshoursitem][difl_businesshoursitem day_name=\u00bbAutumn: \u00bb time=\u00bbTemperatura promedio de 15 \u2013 25 \u00b0C durante el oto\u00f1o\u00bb _builder_version=\u00bb4.27.0&#8243; _module_preset=\u00bbdefault\u00bb global_colors_info=\u00bb{}\u00bb][\/difl_businesshoursitem][\/difl_businesshours][\/et_pb_column][\/et_pb_row][et_pb_row column_structure=\u00bb1_2,1_2&#8243; use_custom_gutter=\u00bbon\u00bb gutter_width=\u00bb2&#8243; make_equal=\u00bbon\u00bb custom_padding_last_edited=\u00bbon|phone\u00bb _builder_version=\u00bb4.19.4&#8243; _module_preset=\u00bbdefault\u00bb background_color=\u00bb#008AAB\u00bb width=\u00bb90%\u00bb max_width=\u00bb90%\u00bb custom_padding=\u00bb50px|100px|0px|10px|false|false\u00bb custom_padding_tablet=\u00bb50px|100px|0px|10px|false|false\u00bb custom_padding_phone=\u00bb|10px|||false|false\u00bb global_colors_info=\u00bb{}\u00bb][et_pb_column type=\u00bb1_2&#8243; _builder_version=\u00bb4.19.1&#8243; _module_preset=\u00bbdefault\u00bb global_colors_info=\u00bb{}\u00bb][dsm_content_timeline dsm_timeline_style=\u00bbleft\u00bb dsm_pointer_bg_color=\u00bb#FFFFFF\u00bb dsm_tree_bg_color=\u00bb#FFFFFF\u00bb _builder_version=\u00bb4.27.0&#8243; _module_preset=\u00bbdefault\u00bb header_level=\u00bbh3&#8243; width=\u00bb98%\u00bb custom_margin=\u00bb||||false|false\u00bb custom_padding=\u00bb10px|30px|20px|30px|false|false\u00bb hover_enabled=\u00bb0&#8243; global_colors_info=\u00bb{}\u00bb sticky_enabled=\u00bb0&#8243;][dsm_content_timeline_child dsm_title=\u00bbD\u00edas 1-2: \u00bb dsm_content=\u00bb<\/p>\n<p><strong>Chania &#8211; Encanto del viejo mundo y sabores locales<\/strong><br \/>Llega a Chania y explora las calles adoquinadas del casco antiguo, su arquitectura veneciana y el animado puerto con un gu\u00eda local. Visita el Faro de Chania para disfrutar de vistas panor\u00e1micas y realiza un recorrido guiado por el mercado de alimentos para descubrir productos frescos y delicias tradicionales cretenses. Al\u00f3jate en una propiedad boutique en el casco antiguo de Chania, disfrutando del encanto y los sabores de esta joya cretense.<\/p>\n<p>\u00bb dsm_horizontal_alignment=\u00bbleft\u00bb _builder_version=\u00bb4.27.0&#8243; _module_preset=\u00bbdefault\u00bb header_font=\u00bbPoppins||||||||\u00bb header_text_color=\u00bb#008AAB\u00bb global_colors_info=\u00bb{}\u00bb][\/dsm_content_timeline_child][dsm_content_timeline_child dsm_title=\u00bbD\u00edas 3: \u00bb dsm_content=\u00bb<\/p>\n<p><strong>De Chania a Elounda &#8211; Misterios minoicos<\/strong><br \/>Viaja a Elounda, haciendo una parada en el Palacio de Knossos para adentrarte en la historia minoica. Disfruta de un banquete tem\u00e1tico minoico y un espect\u00e1culo de danzas. Luego, contin\u00faa hacia Elounda para una lujosa escapada junto al mar.<\/p>\n<p>\u00bb dsm_horizontal_alignment=\u00bbleft\u00bb _builder_version=\u00bb4.27.0&#8243; _module_preset=\u00bbdefault\u00bb header_font=\u00bbPoppins||||||||\u00bb header_text_color=\u00bb#008AAB\u00bb global_colors_info=\u00bb{}\u00bb][\/dsm_content_timeline_child][dsm_content_timeline_child dsm_title=\u00bbD\u00edas 4-6: \u00bb dsm_content=\u00bb<\/p>\n<p><strong>Elounda &#8211; Serenidad junto al mar y retiros de lujo<\/strong><br \/>Rel\u00e1jate en Elounda, conocida por sus resorts de lujo y su ambiente tranquilo. Disfruta de un tour exclusivo en barco a la isla de Spinalonga y Agios Nikolaos, admirando la belleza serena y el encanto hist\u00f3rico de estos destinos.<\/p>\n<p>\u00bb dsm_horizontal_alignment=\u00bbleft\u00bb _builder_version=\u00bb4.27.0&#8243; _module_preset=\u00bbdefault\u00bb header_font=\u00bbPoppins||||||||\u00bb header_text_color=\u00bb#008AAB\u00bb global_colors_info=\u00bb{}\u00bb][\/dsm_content_timeline_child][dsm_content_timeline_child dsm_title=\u00bbD\u00edas 7-9: \u00bb dsm_content=\u00bb<\/p>\n<p><strong>Thirassia &#8211; Aventura en bicicleta y vistas panor\u00e1micas<\/strong><br \/>Llega a Santorini. Al d\u00eda siguiente, embarca en un viaje en barco a Thirassia, donde explorar\u00e1s la isla en un recorrido en bicicleta. Sum\u00e9rgete en la cultura local, rel\u00e1jate en lugares pintorescos y saborea la aut\u00e9ntica cocina isle\u00f1a. Al final de tu estancia, ser\u00e1s trasladado al aeropuerto de Santorini para tu salida.<\/p>\n<p>\u00bb dsm_horizontal_alignment=\u00bbleft\u00bb _builder_version=\u00bb4.27.0&#8243; _module_preset=\u00bbdefault\u00bb header_font=\u00bbPoppins||||||||\u00bb header_text_color=\u00bb#008AAB\u00bb hover_enabled=\u00bb0&#8243; global_colors_info=\u00bb{}\u00bb sticky_enabled=\u00bb0&#8243;][\/dsm_content_timeline_child][\/dsm_content_timeline][\/et_pb_column][et_pb_column type=\u00bb1_2&#8243; _builder_version=\u00bb4.19.1&#8243; _module_preset=\u00bbdefault\u00bb global_colors_info=\u00bb{}\u00bb][difl_imagehover image=\u00bbhttps:\/\/www.blisstravel.gr\/wp-content\/uploads\/2024\/09\/Chania.webp\u00bb alt=\u00bbChania\u00bb title_text=\u00bbChania\u00bb overlay=\u00bbon\u00bb overlay_primary=\u00bbrgba(0,0,0,0.28)\u00bb overlay_secondary=\u00bbrgba(0,138,171,0.45)\u00bb border_anim=\u00bbon\u00bb anm_border_width=\u00bb1px\u00bb border_anm_style=\u00bbc4-border-top\u00bb content_position=\u00bbc4-layout-bottom-center\u00bb image_scale=\u00bbc4-image-pan-up\u00bb always_show_title=\u00bbon\u00bb _builder_version=\u00bb4.27.0&#8243; _module_preset=\u00bbdefault\u00bb title_font=\u00bbPoppins|200|||||||\u00bb title_font_size=\u00bb40px\u00bb custom_margin=\u00bb||||false|false\u00bb child_filter_saturate=\u00bb90%\u00bb child_filter_brightness=\u00bb80%\u00bb title_text_shadow_style=\u00bbpreset1&#8243; locked=\u00bboff\u00bb global_colors_info=\u00bb{}\u00bb][\/difl_imagehover][difl_imagehover image=\u00bbhttps:\/\/www.blisstravel.gr\/wp-content\/uploads\/2024\/09\/Elounda.webp\u00bb alt=\u00bbElounda\u00bb title_text=\u00bbElounda\u00bb overlay=\u00bbon\u00bb overlay_primary=\u00bbrgba(0,0,0,0.28)\u00bb overlay_secondary=\u00bbrgba(0,138,171,0.45)\u00bb border_anim=\u00bbon\u00bb anm_border_width=\u00bb1px\u00bb border_anm_style=\u00bbc4-border-top\u00bb content_position=\u00bbc4-layout-bottom-center\u00bb image_scale=\u00bbc4-image-pan-up\u00bb always_show_title=\u00bbon\u00bb _builder_version=\u00bb4.27.0&#8243; _module_preset=\u00bbdefault\u00bb title_font=\u00bbPoppins|200|||||||\u00bb title_font_size=\u00bb40px\u00bb min_height=\u00bb108.5px\u00bb custom_margin=\u00bb1px||||false|false\u00bb child_filter_saturate=\u00bb90%\u00bb child_filter_brightness=\u00bb80%\u00bb title_text_shadow_style=\u00bbpreset1&#8243; locked=\u00bboff\u00bb global_colors_info=\u00bb{}\u00bb][\/difl_imagehover][difl_imagehover image=\u00bbhttps:\/\/www.blisstravel.gr\/wp-content\/uploads\/2024\/09\/Santorini-1.webp\u00bb alt=\u00bbSantorini\u00bb title_text=\u00bbSantorini\u00bb overlay=\u00bbon\u00bb overlay_primary=\u00bbrgba(0,0,0,0.28)\u00bb overlay_secondary=\u00bbrgba(0,138,171,0.45)\u00bb border_anim=\u00bbon\u00bb anm_border_width=\u00bb1px\u00bb border_anm_style=\u00bbc4-border-top\u00bb content_position=\u00bbc4-layout-bottom-center\u00bb image_scale=\u00bbc4-image-pan-up\u00bb always_show_title=\u00bbon\u00bb _builder_version=\u00bb4.27.0&#8243; _module_preset=\u00bbdefault\u00bb title_font=\u00bbPoppins|200|||||||\u00bb title_font_size=\u00bb40px\u00bb custom_margin=\u00bb||||false|false\u00bb child_filter_saturate=\u00bb90%\u00bb child_filter_brightness=\u00bb80%\u00bb title_text_shadow_style=\u00bbpreset1&#8243; locked=\u00bboff\u00bb global_colors_info=\u00bb{}\u00bb][\/difl_imagehover][\/et_pb_column][\/et_pb_row][et_pb_row disabled_on=\u00bbon|on|on\u00bb _builder_version=\u00bb4.19.1&#8243; _module_preset=\u00bbdefault\u00bb custom_padding=\u00bb84px||73px|||\u00bb disabled=\u00bbon\u00bb locked=\u00bboff\u00bb global_colors_info=\u00bb{}\u00bb][et_pb_column type=\u00bb4_4&#8243; _builder_version=\u00bb4.19.1&#8243; _module_preset=\u00bbdefault\u00bb global_colors_info=\u00bb{}\u00bb][et_pb_button button_url=\u00bb@ET-DC@eyJkeW5hbWljIjp0cnVlLCJjb250ZW50IjoicG9zdF9saW5rX3VybF9wYWdlIiwic2V0dGluZ3MiOnsicG9zdF9pZCI6IjQ1OCJ9fQ==@\u00bb button_text=\u00bbGet a quote\u00bb button_alignment=\u00bbcenter\u00bb _builder_version=\u00bb4.19.1&#8243; _dynamic_attributes=\u00bbbutton_url\u00bb _module_preset=\u00bbdefault\u00bb custom_button=\u00bbon\u00bb button_text_size=\u00bb19px\u00bb button_text_color=\u00bb#FFFFFF\u00bb button_bg_color=\u00bb#374E6F\u00bb button_border_width=\u00bb20px\u00bb button_border_color=\u00bb#374E6F\u00bb button_border_radius=\u00bb0px\u00bb button_letter_spacing=\u00bb2px\u00bb button_font=\u00bbPoppins|600|||||||\u00bb button_icon=\u00bb&#x35;||divi||400&#8243; custom_margin=\u00bb18px|||||\u00bb custom_padding=\u00bb||||true|true\u00bb box_shadow_style=\u00bbpreset1&#8243; box_shadow_color=\u00bbrgba(0,0,0,0.12)\u00bb locked=\u00bboff\u00bb global_colors_info=\u00bb{}\u00bb box_shadow_color__hover_enabled=\u00bboff|desktop\u00bb box_shadow_color__hover=\u00bb#374E6F\u00bb button_bg_color__hover_enabled=\u00bboff|desktop\u00bb button_bg_color__hover=\u00bb#374E6F\u00bb button_bg_enable_color__hover=\u00bbon\u00bb button_text_size__hover_enabled=\u00bboff|desktop\u00bb button_text_size__hover=\u00bb20px\u00bb][\/et_pb_button][\/et_pb_column][\/et_pb_row][\/et_pb_section][et_pb_section fb_built=\u00bb1&#8243; _builder_version=\u00bb4.19.1&#8243; _module_preset=\u00bbdefault\u00bb custom_padding=\u00bb0px||0px||true|false\u00bb global_colors_info=\u00bb{}\u00bb][et_pb_row _builder_version=\u00bb4.19.1&#8243; _module_preset=\u00bbdefault\u00bb width=\u00bb100%\u00bb max_width=\u00bb100%\u00bb custom_padding=\u00bb0px||0px||true|false\u00bb global_colors_info=\u00bb{}\u00bb][et_pb_column type=\u00bb4_4&#8243; _builder_version=\u00bb4.19.1&#8243; _module_preset=\u00bbdefault\u00bb global_colors_info=\u00bb{}\u00bb][\/et_pb_column][\/et_pb_row][\/et_pb_section][et_pb_section fb_built=\u00bb1&#8243; _builder_version=\u00bb4.18.0&#8243; _module_preset=\u00bbdefault\u00bb height=\u00bb5px\u00bb custom_padding=\u00bb0px||0px||true|false\u00bb global_colors_info=\u00bb{}\u00bb][\/et_pb_section][et_pb_section fb_built=\u00bb1&#8243; _builder_version=\u00bb4.18.0&#8243; _module_preset=\u00bbdefault\u00bb height=\u00bb5px\u00bb custom_padding=\u00bb0px||0px||true|false\u00bb global_colors_info=\u00bb{}\u00bb][\/et_pb_section]<\/p>\n","protected":false},"excerpt":{"rendered":"<p><div class=\"et_pb_module dsm_breadcrumbs dsm_breadcrumbs_0\">\n\t\t\t\t\n\t\t\t\t\n\t\t\t\t\n\t\t\t\t\n\t\t\t\t\n\t\t\t\t\n\t\t\t\t<div class=\"et_pb_module_inner\">\n\t\t\t\t\t<nav class=\"dsm_breadcrumbs_wrap\" role=\"navigation\" itemscope=\"\" itemtype=\"http:\/\/schema.org\/SiteNavigationElement\">\n\t\t\t\t<ul class=\"dsm_breadcrumbs\">\n\t\t\t<li class='dsm_breadcrumbs_item dsm_home_item dsm_home_item_custom'>\n\t\t\t\t<a href=\"https:\/\/www.blisstravel.gr\/es\/\" itemprop=\"url\">\n\t\t\t\t\t<span class='dsm_home_text_wrapper'>\n\t\t\t\t\t\t\t\t\t\t\t\t\t<span class=\"dsm_home_text\" itemprop=\"name\">\n\t\t\t\t\t\t\t\t \t\t\t\t\t\t\t<\/span>\n\t\t\t\t\t<\/span>\n\t\t\t\t<\/a>\n\t\t\t<\/li>\n\n\t\t<li class=\"dsm_breadcrumbs_separator\"> <span class=\"et-pb-icon dsm_separator_icon\">&#x35;<\/span><\/li><\/ul>\n\t\t\t<\/nav>\n\t\t\t\t<\/div>\n\t\t\t<\/div><div class=\"et_pb_module difl_businesshours difl_businesshours_0\">\n\t\t\t\t\n\t\t\t\t\n\t\t\t\t\n\t\t\t\t\n\t\t\t\t\n\t\t\t\t\n\t\t\t\t<div class=\"et_pb_module_inner\">\n\t\t\t\t\t<div class=\"df_bh_container\">\r\n                    <div class=\"df_bh_wrapper\">\r\n                        \r\n                         \r\n                    <\/div>\r\n                <\/div>\n\t\t\t\t<\/div>\n\t\t\t<\/div><div class=\"et_pb_module difl_businesshoursitem difl_businesshoursitem_0\">\n\t\t\t\t\n\t\t\t\t\n\t\t\t\t\n\t\t\t\t\n\t\t\t\t\n\t\t\t\t\n\t\t\t\t<div class=\"et_pb_module_inner\">\n\t\t\t\t\t<div class=\"df_bh_item\">\r\n                        <div class=\"df_bh_day\">Duraci\u00f3n: <\/div>\r\n                        <div class=\"df_bh_time\">  <span class=\"df_bh_time_only\">9 d\u00edas \/ 8 noches<\/span>  <\/div>\r\n                    <\/div>\n\t\t\t\t<\/div>\n\t\t\t<\/div><div class=\"et_pb_module difl_businesshoursitem difl_businesshoursitem_1\">\n\t\t\t\t\n\t\t\t\t\n\t\t\t\t\n\t\t\t\t\n\t\t\t\t\n\t\t\t\t\n\t\t\t\t<div class=\"et_pb_module_inner\">\n\t\t\t\t\t<div class=\"df_bh_item\">\r\n                        <div class=\"df_bh_day\">Lugares que visitar\u00e1s:<\/div>\r\n                        <div class=\"df_bh_time\">  <span class=\"df_bh_time_only\">Chania, Elounda, Santorini<\/span>  <\/div>\r\n                    <\/div>\n\t\t\t\t<\/div>\n\t\t\t<\/div><div class=\"et_pb_module difl_businesshoursitem difl_businesshoursitem_2\">\n\t\t\t\t\n\t\t\t\t\n\t\t\t\t\n\t\t\t\t\n\t\t\t\t\n\t\t\t\t\n\t\t\t\t<div class=\"et_pb_module_inner\">\n\t\t\t\t\t<div class=\"df_bh_item\">\r\n                        <div class=\"df_bh_day\">\u00bbSummer:<\/div>\r\n                        <div class=\"df_bh_time\">  <span class=\"df_bh_time_only\">\u00bbTemperatura<\/span>  <\/div>\r\n                    <\/div>\n\t\t\t\t<\/div>\n\t\t\t<\/div><\/p>\n","protected":false},"author":1,"featured_media":0,"parent":277900,"menu_order":0,"comment_status":"closed","ping_status":"closed","template":"","meta":{"_et_pb_use_builder":"on","_et_pb_old_content":"","_et_gb_content_width":"","footnotes":""},"class_list":["post-279338","page","type-page","status-publish","hentry"],"_links":{"self":[{"href":"https:\/\/www.blisstravel.gr\/es\/wp-json\/wp\/v2\/pages\/279338","targetHints":{"allow":["GET"]}}],"collection":[{"href":"https:\/\/www.blisstravel.gr\/es\/wp-json\/wp\/v2\/pages"}],"about":[{"href":"https:\/\/www.blisstravel.gr\/es\/wp-json\/wp\/v2\/types\/page"}],"author":[{"embeddable":true,"href":"https:\/\/www.blisstravel.gr\/es\/wp-json\/wp\/v2\/users\/1"}],"replies":[{"embeddable":true,"href":"https:\/\/www.blisstravel.gr\/es\/wp-json\/wp\/v2\/comments?post=279338"}],"version-history":[{"count":6,"href":"https:\/\/www.blisstravel.gr\/es\/wp-json\/wp\/v2\/pages\/279338\/revisions"}],"predecessor-version":[{"id":279689,"href":"https:\/\/www.blisstravel.gr\/es\/wp-json\/wp\/v2\/pages\/279338\/revisions\/279689"}],"up":[{"embeddable":true,"href":"https:\/\/www.blisstravel.gr\/es\/wp-json\/wp\/v2\/pages\/277900"}],"wp:attachment":[{"href":"https:\/\/www.blisstravel.gr\/es\/wp-json\/wp\/v2\/media?parent=279338"}],"curies":[{"name":"wp","href":"https:\/\/api.w.org\/{rel}","templated":true}]}}