{"id":279353,"date":"2024-09-30T13:27:57","date_gmt":"2024-09-30T13:27:57","guid":{"rendered":"https:\/\/www.blisstravel.gr\/bienvenido-a-grecia\/lugares-poco-conocidos\/roads-less-traveled\/"},"modified":"2025-01-14T09:46:27","modified_gmt":"2025-01-14T09:46:27","slug":"caminos-menos-transitados-explorando-el-peloponeso","status":"publish","type":"page","link":"https:\/\/www.blisstravel.gr\/es\/bienvenido-a-grecia\/lugares-poco-conocidos\/caminos-menos-transitados-explorando-el-peloponeso\/","title":{"rendered":"Caminos Menos Transitados: Explorando el Peloponeso"},"content":{"rendered":"<p>[et_pb_section fb_built=\u00bb1&#8243; _builder_version=\u00bb4.27.0&#8243; _module_preset=\u00bbdefault\u00bb background_color=\u00bb#008AAB\u00bb background_image=\u00bbhttps:\/\/www.blisstravel.gr\/wp-content\/uploads\/2024\/09\/Kentriki-Roads-Less-Traveled.webp\u00bb height=\u00bb400px\u00bb height_tablet=\u00bb400px\u00bb height_phone=\u00bb300px\u00bb height_last_edited=\u00bbon|desktop\u00bb locked=\u00bboff\u00bb global_colors_info=\u00bb{}\u00bb][\/et_pb_section][et_pb_section fb_built=\u00bb1&#8243; _builder_version=\u00bb4.18.0&#8243; _module_preset=\u00bbdefault\u00bb height=\u00bb5px\u00bb custom_padding=\u00bb0px||0px||true|false\u00bb global_colors_info=\u00bb{}\u00bb][\/et_pb_section][et_pb_section fb_built=\u00bb1&#8243; _builder_version=\u00bb4.19.1&#8243; _module_preset=\u00bbdefault\u00bb background_color=\u00bb#FFFFFF\u00bb custom_margin=\u00bb-12px||||false|false\u00bb custom_padding=\u00bb18px||4px|||\u00bb global_colors_info=\u00bb{}\u00bb][et_pb_row _builder_version=\u00bb4.22.0&#8243; _module_preset=\u00bbdefault\u00bb custom_margin=\u00bb39px|auto|39px|auto|true|\u00bb custom_padding=\u00bb||23px|||\u00bb animation_style=\u00bbslide\u00bb animation_direction=\u00bbbottom\u00bb animation_intensity_slide=\u00bb3%\u00bb locked=\u00bboff\u00bb global_colors_info=\u00bb{}\u00bb][et_pb_column type=\u00bb4_4&#8243; _builder_version=\u00bb4.18.0&#8243; _module_preset=\u00bbdefault\u00bb global_colors_info=\u00bb{}\u00bb][et_pb_image src=\u00bbhttps:\/\/www.blisstravel.gr\/wp-content\/uploads\/2022\/11\/BlissTravel-Design1.jpg\u00bb title_text=\u00bbBlissTravel | Design &#8211; 21&#8243; align=\u00bbcenter\u00bb _builder_version=\u00bb4.19.4&#8243; _module_preset=\u00bbdefault\u00bb width=\u00bb25%\u00bb width_tablet=\u00bb45%\u00bb width_phone=\u00bb45%\u00bb width_last_edited=\u00bbon|tablet\u00bb custom_margin=\u00bb||52px|||\u00bb locked=\u00bboff\u00bb global_colors_info=\u00bb{}\u00bb][\/et_pb_image][et_pb_blurb title=\u00bbFuera de lo com\u00fan\u00bb content_max_width=\u00bb1100px\u00bb _builder_version=\u00bb4.27.0&#8243; _module_preset=\u00bbdefault\u00bb header_level=\u00bbh2&#8243; header_font=\u00bbPoppins|500||on|||||\u00bb header_text_align=\u00bbcenter\u00bb header_text_color=\u00bb#008AAB\u00bb header_font_size=\u00bb60px\u00bb header_letter_spacing=\u00bb5px\u00bb body_font=\u00bbCantarell||||||||\u00bb custom_margin=\u00bb||67px|||\u00bb header_font_size_tablet=\u00bb40px\u00bb header_font_size_phone=\u00bb30px\u00bb header_font_size_last_edited=\u00bbon|tablet\u00bb locked=\u00bboff\u00bb global_colors_info=\u00bb{}\u00bb][\/et_pb_blurb][et_pb_blurb title=\u00bbCaminos Menos Transitados: Explorando el Peloponeso\u00bb content_max_width=\u00bb1100px\u00bb disabled_on=\u00bboff|off|off\u00bb _builder_version=\u00bb4.27.0&#8243; _module_preset=\u00bbdefault\u00bb header_level=\u00bbh1&#8243; header_font=\u00bbPoppins|500|||||||\u00bb header_text_align=\u00bbcenter\u00bb header_text_color=\u00bb#008AAB\u00bb header_font_size=\u00bb40px\u00bb header_letter_spacing=\u00bb5px\u00bb body_font=\u00bbCantarell||||||||\u00bb header_font_size_tablet=\u00bb30px\u00bb header_font_size_phone=\u00bb20px\u00bb header_font_size_last_edited=\u00bbon|tablet\u00bb locked=\u00bboff\u00bb global_colors_info=\u00bb{}\u00bb][\/et_pb_blurb][dsm_breadcrumbs home_text=\u00bb \u00bb show_home_icon=\u00bboff\u00bb separator_icon=\u00bb&#x35;||divi||400&#8243; align=\u00bbcenter\u00bb _builder_version=\u00bb4.19.4&#8243; _module_preset=\u00bbdefault\u00bb items_font=\u00bbPoppins|200|||||||\u00bb current_font=\u00bbPoppins|200|||||||\u00bb locked=\u00bboff\u00bb global_colors_info=\u00bb{}\u00bb][\/dsm_breadcrumbs][\/et_pb_column][\/et_pb_row][\/et_pb_section][et_pb_section fb_built=\u00bb1&#8243; _builder_version=\u00bb4.19.1&#8243; _module_preset=\u00bbdefault\u00bb background_color=\u00bb#008AAB\u00bb custom_margin=\u00bb106px|||||\u00bb global_colors_info=\u00bb{}\u00bb][et_pb_row _builder_version=\u00bb4.19.4&#8243; _module_preset=\u00bbdefault\u00bb background_color=\u00bb#374E6F\u00bb width=\u00bb55%\u00bb width_tablet=\u00bb70%\u00bb width_phone=\u00bb100%\u00bb width_last_edited=\u00bbon|tablet\u00bb module_alignment=\u00bbcenter\u00bb custom_margin=\u00bb-150px|auto||auto||\u00bb custom_padding=\u00bb|30px|48px|30px|false|true\u00bb global_colors_info=\u00bb{}\u00bb][et_pb_column type=\u00bb4_4&#8243; _builder_version=\u00bb4.19.1&#8243; _module_preset=\u00bbdefault\u00bb global_colors_info=\u00bb{}\u00bb][difl_businesshours day_background_color_bgcolor=\u00bb#008AAB\u00bb day_margin=\u00bb|20px|||false|false\u00bb day_padding=\u00bb5px|5px|5px|10px|true|false\u00bb main_wrapper_margin=\u00bb||||false|false\u00bb main_wrapper_padding=\u00bb10px||||false|false\u00bb item_wrapper_margin=\u00bb||||false|false\u00bb item_wrapper_padding=\u00bb5px||||false|false\u00bb _builder_version=\u00bb4.27.0&#8243; _module_preset=\u00bbdefault\u00bb day_name_font=\u00bbPoppins|700|||||||\u00bb day_name_text_align=\u00bbleft\u00bb day_name_text_color=\u00bb#FFFFFF\u00bb day_name_letter_spacing=\u00bb1px\u00bb time_div_text_color=\u00bb#FFFFFF\u00bb title_text_text_align=\u00bbcenter\u00bb title_text_text_color=\u00bb#008AAB\u00bb module_alignment=\u00bbcenter\u00bb hover_enabled=\u00bb0&#8243; global_colors_info=\u00bb{}\u00bb sticky_enabled=\u00bb0&#8243;][difl_businesshoursitem day_name=\u00bbDuraci\u00f3n: \u00bb time=\u00bb8 d\u00edas \/ 7 noches\u00bb _builder_version=\u00bb4.27.0&#8243; _module_preset=\u00bbdefault\u00bb hover_enabled=\u00bb0&#8243; global_colors_info=\u00bb{}\u00bb sticky_enabled=\u00bb0&#8243;][\/difl_businesshoursitem][difl_businesshoursitem day_name=\u00bbLugares que visitar\u00e1s: \u00bb time=\u00bbNafplio, Monemvasia, Gerolimenas, Olimpia\u00bb _builder_version=\u00bb4.27.0&#8243; _module_preset=\u00bbdefault\u00bb global_colors_info=\u00bb{}\u00bb][\/difl_businesshoursitem][difl_businesshoursitem day_name=\u00bbSummer: \u00bb time=\u00bbVerano: Temperatura promedio de 25 a 35 \u00b0C durante el verano\u00bb _builder_version=\u00bb4.27.0&#8243; _module_preset=\u00bbdefault\u00bb global_colors_info=\u00bb{}\u00bb][\/difl_businesshoursitem][difl_businesshoursitem day_name=\u00bbAutumn: \u00bb time=\u00bbOto\u00f1o: Temperatura promedio de 15 a 25 \u00b0C durante el oto\u00f1o\u00bb _builder_version=\u00bb4.27.0&#8243; _module_preset=\u00bbdefault\u00bb global_colors_info=\u00bb{}\u00bb][\/difl_businesshoursitem][\/difl_businesshours][\/et_pb_column][\/et_pb_row][et_pb_row column_structure=\u00bb1_2,1_2&#8243; use_custom_gutter=\u00bbon\u00bb gutter_width=\u00bb2&#8243; make_equal=\u00bbon\u00bb custom_padding_last_edited=\u00bbon|phone\u00bb _builder_version=\u00bb4.19.4&#8243; _module_preset=\u00bbdefault\u00bb background_color=\u00bb#008AAB\u00bb width=\u00bb90%\u00bb max_width=\u00bb90%\u00bb custom_padding=\u00bb50px|100px|0px|10px|false|false\u00bb custom_padding_tablet=\u00bb50px|100px|0px|10px|false|false\u00bb custom_padding_phone=\u00bb|10px|||false|false\u00bb global_colors_info=\u00bb{}\u00bb][et_pb_column type=\u00bb1_2&#8243; _builder_version=\u00bb4.19.1&#8243; _module_preset=\u00bbdefault\u00bb global_colors_info=\u00bb{}\u00bb][dsm_content_timeline dsm_timeline_style=\u00bbleft\u00bb dsm_pointer_bg_color=\u00bb#FFFFFF\u00bb dsm_tree_bg_color=\u00bb#FFFFFF\u00bb _builder_version=\u00bb4.27.0&#8243; _module_preset=\u00bbdefault\u00bb header_level=\u00bbh3&#8243; width=\u00bb98%\u00bb custom_margin=\u00bb||||false|false\u00bb custom_padding=\u00bb10px|30px|20px|30px|false|false\u00bb hover_enabled=\u00bb0&#8243; global_colors_info=\u00bb{}\u00bb sticky_enabled=\u00bb0&#8243;][dsm_content_timeline_child dsm_title=\u00bbD\u00eda 1: \u00bb dsm_content=\u00bb<\/p>\n<p><strong>De Atenas a Nafplio &#8211; Canal de Corinto y Maravillas Antiguas<\/strong><br \/>Comienza tu viaje por carretera desde Atenas hasta Nafplio, cruzando el ic\u00f3nico Canal de Corinto. Visita el antiguo teatro de Epidauro y explora el sitio arqueol\u00f3gico de Micenas con una visita guiada. Llega a Nafplio, donde podr\u00e1s explorar la Fortaleza de Palamidi, pasear por el Paseo de Arvanitia y disfrutar de una cena en el casco antiguo de Nafplio.<\/p>\n<p>\u00bb dsm_horizontal_alignment=\u00bbleft\u00bb _builder_version=\u00bb4.27.0&#8243; _module_preset=\u00bbdefault\u00bb header_font=\u00bbPoppins||||||||\u00bb header_text_color=\u00bb#008AAB\u00bb global_colors_info=\u00bb{}\u00bb][\/dsm_content_timeline_child][dsm_content_timeline_child dsm_title=\u00bbD\u00eda 2: \u00bb dsm_content=\u00bb<\/p>\n<p><strong>De Nafplio a Monemvasia &#8211; Mistras y Encanto Medieval<\/strong><br \/>Conduce hacia Monemvasia, haciendo una parada en la ciudad bizantina de Mistras para explorar sus ruinas bien conservadas y disfrutar de vistas panor\u00e1micas. Llega a Monemvasia, una ciudad fortaleza medieval, donde cenar\u00e1s en un entorno hist\u00f3rico.<\/p>\n<p>\u00bb dsm_horizontal_alignment=\u00bbleft\u00bb _builder_version=\u00bb4.27.0&#8243; _module_preset=\u00bbdefault\u00bb header_font=\u00bbPoppins||||||||\u00bb header_text_color=\u00bb#008AAB\u00bb global_colors_info=\u00bb{}\u00bb][\/dsm_content_timeline_child][dsm_content_timeline_child dsm_title=\u00bbD\u00eda 3: \u00bb dsm_content=\u00bb<\/p>\n<p><strong>Monemvasia &#8211; Esplendor Intemporal<\/strong><br \/>Pasa el d\u00eda explorando los rincones ocultos de Monemvasia, sus murallas y sus gemas locales. Disfruta de una tarde tranquila, empap\u00e1ndote del encanto hist\u00f3rico de Monemvasia.<\/p>\n<p>\u00bb dsm_horizontal_alignment=\u00bbleft\u00bb _builder_version=\u00bb4.27.0&#8243; _module_preset=\u00bbdefault\u00bb header_font=\u00bbPoppins||||||||\u00bb header_text_color=\u00bb#008AAB\u00bb global_colors_info=\u00bb{}\u00bb][\/dsm_content_timeline_child][dsm_content_timeline_child dsm_title=\u00bbD\u00eda 4: \u00bb dsm_content=\u00bb<\/p>\n<p><strong>De Monemvasia a Gerolimenas &#8211; Maravillas Costeras y Cata de Vinos<\/strong><br \/>Sal de Monemvasia y visita una bodega local para una experiencia de cata de vinos, saboreando variedades locales y aprendiendo sobre las tradiciones vin\u00edcolas de la regi\u00f3n. Contin\u00faa tu viaje visitando las m\u00edsticas Cuevas de Diros y luego llega a Gerolimenas, un encantador pueblo pesquero, donde podr\u00e1s relajarte con mariscos frescos en una taberna junto al mar.<\/p>\n<p>\u00bb dsm_horizontal_alignment=\u00bbleft\u00bb _builder_version=\u00bb4.27.0&#8243; _module_preset=\u00bbdefault\u00bb header_font=\u00bbPoppins||||||||\u00bb header_text_color=\u00bb#008AAB\u00bb global_colors_info=\u00bb{}\u00bb][\/dsm_content_timeline_child][dsm_content_timeline_child dsm_title=\u00bbD\u00eda 5: \u00bb dsm_content=\u00bb<\/p>\n<p><strong>Gerolimenas &#8211; Explorando la Pen\u00ednsula de Mani<\/strong><br \/>Explora la escarpada Pen\u00ednsula de Mani, visitando el hist\u00f3rico pueblo de Vathia y el Cabo Tainaron. Regresa a Gerolimenas para una tarde tranquila, con opciones para hacer senderismo o practicar pirag\u00fcismo a lo largo de la costa.<\/p>\n<p>\u00bb dsm_horizontal_alignment=\u00bbleft\u00bb _builder_version=\u00bb4.27.0&#8243; _module_preset=\u00bbdefault\u00bb header_font=\u00bbPoppins||||||||\u00bb header_text_color=\u00bb#008AAB\u00bb global_colors_info=\u00bb{}\u00bb][\/dsm_content_timeline_child][dsm_content_timeline_child dsm_title=\u00bbD\u00eda 6: \u00bb dsm_content=\u00bb<\/p>\n<p><strong>De Gerolimenas a Olimpia &#8211; Perspectivas Hist\u00f3ricas a trav\u00e9s de Gytheio y Esparta<\/strong><br \/>Dir\u00edgete hacia Olimpia, pasando por Gytheio y Esparta. En Olimpia, explora el Templo de Zeus y el antiguo estadio, y disfruta de una cena tradicional griega.<\/p>\n<p>\u00bb dsm_horizontal_alignment=\u00bbleft\u00bb _builder_version=\u00bb4.27.0&#8243; _module_preset=\u00bbdefault\u00bb header_font=\u00bbPoppins||||||||\u00bb header_text_color=\u00bb#008AAB\u00bb global_colors_info=\u00bb{}\u00bb][\/dsm_content_timeline_child][dsm_content_timeline_child dsm_title=\u00bbD\u00eda 7: \u00bb dsm_content=\u00bb<\/p>\n<p><strong>D\u00eda de descanso<\/strong><br \/>Disfruta de tu d\u00eda libre explorando el Sitio Arqueol\u00f3gico o relaj\u00e1ndose junto al r\u00edo Alfeios.<\/p>\n<p>\u00bb dsm_horizontal_alignment=\u00bbleft\u00bb _builder_version=\u00bb4.27.0&#8243; _module_preset=\u00bbdefault\u00bb header_font=\u00bbPoppins||||||||\u00bb header_text_color=\u00bb#008AAB\u00bb hover_enabled=\u00bb0&#8243; global_colors_info=\u00bb{}\u00bb sticky_enabled=\u00bb0&#8243;][\/dsm_content_timeline_child][dsm_content_timeline_child dsm_title=\u00bbD\u00eda 8: \u00bb dsm_content=\u00bb<\/p>\n<p><strong>Salida &#8211; Reflexionando sobre las maravillas del Peloponeso<\/strong><br \/>Para regresar a Atenas, elija una ruta panor\u00e1mica por Arcadia o tome un desv\u00edo m\u00e1s largo por Naupaktos y Delfos. Explore el impresionante puente Rio-Antirio, la fortaleza medieval de Naupaktos y el legendario Or\u00e1culo de Delfos.<\/p>\n<p>\u00bb dsm_horizontal_alignment=\u00bbleft\u00bb _builder_version=\u00bb4.27.0&#8243; _module_preset=\u00bbdefault\u00bb header_font=\u00bbPoppins||||||||\u00bb header_text_color=\u00bb#008AAB\u00bb hover_enabled=\u00bb0&#8243; global_colors_info=\u00bb{}\u00bb sticky_enabled=\u00bb0&#8243;][\/dsm_content_timeline_child][\/dsm_content_timeline][\/et_pb_column][et_pb_column type=\u00bb1_2&#8243; _builder_version=\u00bb4.19.1&#8243; _module_preset=\u00bbdefault\u00bb global_colors_info=\u00bb{}\u00bb][difl_imagehover image=\u00bbhttps:\/\/www.blisstravel.gr\/wp-content\/uploads\/2024\/09\/Nafplio.webp\u00bb alt=\u00bbNafplio\u00bb title_text=\u00bbNafplio\u00bb overlay=\u00bbon\u00bb overlay_primary=\u00bbrgba(0,0,0,0.28)\u00bb overlay_secondary=\u00bbrgba(0,138,171,0.45)\u00bb border_anim=\u00bbon\u00bb anm_border_width=\u00bb1px\u00bb border_anm_style=\u00bbc4-border-top\u00bb content_position=\u00bbc4-layout-bottom-center\u00bb image_scale=\u00bbc4-image-pan-up\u00bb always_show_title=\u00bbon\u00bb _builder_version=\u00bb4.27.0&#8243; _module_preset=\u00bbdefault\u00bb title_font=\u00bbPoppins|200|||||||\u00bb title_font_size=\u00bb40px\u00bb min_height=\u00bb108.5px\u00bb custom_margin=\u00bb1px||||false|false\u00bb child_filter_saturate=\u00bb90%\u00bb child_filter_brightness=\u00bb80%\u00bb title_text_shadow_style=\u00bbpreset1&#8243; locked=\u00bboff\u00bb global_colors_info=\u00bb{}\u00bb][\/difl_imagehover][difl_imagehover image=\u00bbhttps:\/\/www.blisstravel.gr\/wp-content\/uploads\/2024\/09\/Monemvasia.webp\u00bb alt=\u00bbMonemvasia\u00bb title_text=\u00bbMonemvasia\u00bb overlay=\u00bbon\u00bb overlay_primary=\u00bbrgba(0,0,0,0.28)\u00bb overlay_secondary=\u00bbrgba(0,138,171,0.45)\u00bb border_anim=\u00bbon\u00bb anm_border_width=\u00bb1px\u00bb border_anm_style=\u00bbc4-border-top\u00bb content_position=\u00bbc4-layout-bottom-center\u00bb image_scale=\u00bbc4-image-pan-up\u00bb always_show_title=\u00bbon\u00bb _builder_version=\u00bb4.27.0&#8243; _module_preset=\u00bbdefault\u00bb title_font=\u00bbPoppins|200|||||||\u00bb title_font_size=\u00bb40px\u00bb min_height=\u00bb108.5px\u00bb custom_margin=\u00bb1px||||false|false\u00bb child_filter_saturate=\u00bb90%\u00bb child_filter_brightness=\u00bb80%\u00bb title_text_shadow_style=\u00bbpreset1&#8243; locked=\u00bboff\u00bb global_colors_info=\u00bb{}\u00bb][\/difl_imagehover][difl_imagehover image=\u00bbhttps:\/\/www.blisstravel.gr\/wp-content\/uploads\/2024\/09\/Gerolimenas.webp\u00bb alt=\u00bbGerolimenas\u00bb title_text=\u00bbGerolimenas\u00bb overlay=\u00bbon\u00bb overlay_primary=\u00bbrgba(0,0,0,0.28)\u00bb overlay_secondary=\u00bbrgba(0,138,171,0.45)\u00bb border_anim=\u00bbon\u00bb anm_border_width=\u00bb1px\u00bb border_anm_style=\u00bbc4-border-top\u00bb content_position=\u00bbc4-layout-bottom-center\u00bb image_scale=\u00bbc4-image-pan-up\u00bb always_show_title=\u00bbon\u00bb _builder_version=\u00bb4.27.0&#8243; _module_preset=\u00bbdefault\u00bb title_font=\u00bbPoppins|200|||||||\u00bb title_font_size=\u00bb40px\u00bb min_height=\u00bb108.5px\u00bb custom_margin=\u00bb1px||||false|false\u00bb child_filter_saturate=\u00bb90%\u00bb child_filter_brightness=\u00bb80%\u00bb title_text_shadow_style=\u00bbpreset1&#8243; locked=\u00bboff\u00bb global_colors_info=\u00bb{}\u00bb][\/difl_imagehover][difl_imagehover image=\u00bbhttps:\/\/www.blisstravel.gr\/wp-content\/uploads\/2024\/09\/Olympia.webp\u00bb alt=\u00bbOlympia\u00bb title_text=\u00bbOlympia\u00bb overlay=\u00bbon\u00bb overlay_primary=\u00bbrgba(0,0,0,0.28)\u00bb overlay_secondary=\u00bbrgba(0,138,171,0.45)\u00bb border_anim=\u00bbon\u00bb anm_border_width=\u00bb1px\u00bb border_anm_style=\u00bbc4-border-top\u00bb content_position=\u00bbc4-layout-bottom-center\u00bb image_scale=\u00bbc4-image-pan-up\u00bb always_show_title=\u00bbon\u00bb _builder_version=\u00bb4.27.0&#8243; _module_preset=\u00bbdefault\u00bb title_font=\u00bbPoppins|200|||||||\u00bb title_font_size=\u00bb40px\u00bb min_height=\u00bb108.5px\u00bb custom_margin=\u00bb1px||||false|false\u00bb child_filter_saturate=\u00bb90%\u00bb child_filter_brightness=\u00bb80%\u00bb title_text_shadow_style=\u00bbpreset1&#8243; locked=\u00bboff\u00bb global_colors_info=\u00bb{}\u00bb][\/difl_imagehover][\/et_pb_column][\/et_pb_row][et_pb_row disabled_on=\u00bbon|on|on\u00bb _builder_version=\u00bb4.19.1&#8243; _module_preset=\u00bbdefault\u00bb custom_padding=\u00bb84px||73px|||\u00bb disabled=\u00bbon\u00bb locked=\u00bboff\u00bb global_colors_info=\u00bb{}\u00bb][et_pb_column type=\u00bb4_4&#8243; _builder_version=\u00bb4.19.1&#8243; _module_preset=\u00bbdefault\u00bb global_colors_info=\u00bb{}\u00bb][et_pb_button button_url=\u00bb@ET-DC@eyJkeW5hbWljIjp0cnVlLCJjb250ZW50IjoicG9zdF9saW5rX3VybF9wYWdlIiwic2V0dGluZ3MiOnsicG9zdF9pZCI6IjQ1OCJ9fQ==@\u00bb button_text=\u00bbGet a quote\u00bb button_alignment=\u00bbcenter\u00bb _builder_version=\u00bb4.19.1&#8243; _dynamic_attributes=\u00bbbutton_url\u00bb _module_preset=\u00bbdefault\u00bb custom_button=\u00bbon\u00bb button_text_size=\u00bb19px\u00bb button_text_color=\u00bb#FFFFFF\u00bb button_bg_color=\u00bb#374E6F\u00bb button_border_width=\u00bb20px\u00bb button_border_color=\u00bb#374E6F\u00bb button_border_radius=\u00bb0px\u00bb button_letter_spacing=\u00bb2px\u00bb button_font=\u00bbPoppins|600|||||||\u00bb button_icon=\u00bb&#x35;||divi||400&#8243; custom_margin=\u00bb18px|||||\u00bb custom_padding=\u00bb||||true|true\u00bb box_shadow_style=\u00bbpreset1&#8243; box_shadow_color=\u00bbrgba(0,0,0,0.12)\u00bb locked=\u00bboff\u00bb global_colors_info=\u00bb{}\u00bb box_shadow_color__hover_enabled=\u00bboff|desktop\u00bb box_shadow_color__hover=\u00bb#374E6F\u00bb button_bg_color__hover_enabled=\u00bboff|desktop\u00bb button_bg_color__hover=\u00bb#374E6F\u00bb button_bg_enable_color__hover=\u00bbon\u00bb button_text_size__hover_enabled=\u00bboff|desktop\u00bb button_text_size__hover=\u00bb20px\u00bb][\/et_pb_button][\/et_pb_column][\/et_pb_row][\/et_pb_section][et_pb_section fb_built=\u00bb1&#8243; _builder_version=\u00bb4.19.1&#8243; _module_preset=\u00bbdefault\u00bb custom_padding=\u00bb0px||0px||true|false\u00bb global_colors_info=\u00bb{}\u00bb][et_pb_row _builder_version=\u00bb4.19.1&#8243; _module_preset=\u00bbdefault\u00bb width=\u00bb100%\u00bb max_width=\u00bb100%\u00bb custom_padding=\u00bb0px||0px||true|false\u00bb global_colors_info=\u00bb{}\u00bb][et_pb_column type=\u00bb4_4&#8243; _builder_version=\u00bb4.19.1&#8243; _module_preset=\u00bbdefault\u00bb global_colors_info=\u00bb{}\u00bb][\/et_pb_column][\/et_pb_row][\/et_pb_section][et_pb_section fb_built=\u00bb1&#8243; _builder_version=\u00bb4.18.0&#8243; _module_preset=\u00bbdefault\u00bb height=\u00bb5px\u00bb custom_padding=\u00bb0px||0px||true|false\u00bb global_colors_info=\u00bb{}\u00bb][\/et_pb_section][et_pb_section fb_built=\u00bb1&#8243; _builder_version=\u00bb4.18.0&#8243; _module_preset=\u00bbdefault\u00bb height=\u00bb5px\u00bb custom_padding=\u00bb0px||0px||true|false\u00bb global_colors_info=\u00bb{}\u00bb][\/et_pb_section]<\/p>\n","protected":false},"excerpt":{"rendered":"<p><div class=\"et_pb_module dsm_breadcrumbs dsm_breadcrumbs_0\">\n\t\t\t\t\n\t\t\t\t\n\t\t\t\t\n\t\t\t\t\n\t\t\t\t\n\t\t\t\t\n\t\t\t\t<div class=\"et_pb_module_inner\">\n\t\t\t\t\t<nav class=\"dsm_breadcrumbs_wrap\" role=\"navigation\" itemscope=\"\" itemtype=\"http:\/\/schema.org\/SiteNavigationElement\">\n\t\t\t\t<ul class=\"dsm_breadcrumbs\">\n\t\t\t<li class='dsm_breadcrumbs_item dsm_home_item dsm_home_item_custom'>\n\t\t\t\t<a href=\"https:\/\/www.blisstravel.gr\/es\/\" itemprop=\"url\">\n\t\t\t\t\t<span class='dsm_home_text_wrapper'>\n\t\t\t\t\t\t\t\t\t\t\t\t\t<span class=\"dsm_home_text\" itemprop=\"name\">\n\t\t\t\t\t\t\t\t \t\t\t\t\t\t\t<\/span>\n\t\t\t\t\t<\/span>\n\t\t\t\t<\/a>\n\t\t\t<\/li>\n\n\t\t<li class=\"dsm_breadcrumbs_separator\"> <span class=\"et-pb-icon dsm_separator_icon\">&#x35;<\/span><\/li><\/ul>\n\t\t\t<\/nav>\n\t\t\t\t<\/div>\n\t\t\t<\/div><div class=\"et_pb_module difl_businesshours difl_businesshours_0\">\n\t\t\t\t\n\t\t\t\t\n\t\t\t\t\n\t\t\t\t\n\t\t\t\t\n\t\t\t\t\n\t\t\t\t<div class=\"et_pb_module_inner\">\n\t\t\t\t\t<div class=\"df_bh_container\">\r\n                    <div class=\"df_bh_wrapper\">\r\n                        \r\n                         \r\n                    <\/div>\r\n                <\/div>\n\t\t\t\t<\/div>\n\t\t\t<\/div><div class=\"et_pb_module difl_businesshoursitem difl_businesshoursitem_0\">\n\t\t\t\t\n\t\t\t\t\n\t\t\t\t\n\t\t\t\t\n\t\t\t\t\n\t\t\t\t\n\t\t\t\t<div class=\"et_pb_module_inner\">\n\t\t\t\t\t<div class=\"df_bh_item\">\r\n                        <div class=\"df_bh_day\">Duraci\u00f3n: <\/div>\r\n                        <div class=\"df_bh_time\">  <span class=\"df_bh_time_only\">8 d\u00edas \/ 7 noches<\/span>  <\/div>\r\n                    <\/div>\n\t\t\t\t<\/div>\n\t\t\t<\/div><div class=\"et_pb_module difl_businesshoursitem difl_businesshoursitem_1\">\n\t\t\t\t\n\t\t\t\t\n\t\t\t\t\n\t\t\t\t\n\t\t\t\t\n\t\t\t\t\n\t\t\t\t<div class=\"et_pb_module_inner\">\n\t\t\t\t\t<div class=\"df_bh_item\">\r\n                        <div class=\"df_bh_day\">Lugares que visitar\u00e1s: <\/div>\r\n                        <div class=\"df_bh_time\">  <span class=\"df_bh_time_only\">Nafplio, Monemvasia, Gerolimenas, Olimpia<\/span>  <\/div>\r\n                    <\/div>\n\t\t\t\t<\/div>\n\t\t\t<\/div><div class=\"et_pb_module difl_businesshoursitem difl_businesshoursitem_2\">\n\t\t\t\t\n\t\t\t\t\n\t\t\t\t\n\t\t\t\t\n\t\t\t\t\n\t\t\t\t\n\t\t\t\t<div class=\"et_pb_module_inner\">\n\t\t\t\t\t<div class=\"df_bh_item\">\r\n                        \r\n                        <div class=\"df_bh_time\">  <\/div>\r\n                    <\/div>\n\t\t\t\t<\/div>\n\t\t\t<\/div><\/p>\n","protected":false},"author":1,"featured_media":0,"parent":277908,"menu_order":0,"comment_status":"closed","ping_status":"closed","template":"","meta":{"_et_pb_use_builder":"on","_et_pb_old_content":"","_et_gb_content_width":"","footnotes":""},"class_list":["post-279353","page","type-page","status-publish","hentry"],"_links":{"self":[{"href":"https:\/\/www.blisstravel.gr\/es\/wp-json\/wp\/v2\/pages\/279353","targetHints":{"allow":["GET"]}}],"collection":[{"href":"https:\/\/www.blisstravel.gr\/es\/wp-json\/wp\/v2\/pages"}],"about":[{"href":"https:\/\/www.blisstravel.gr\/es\/wp-json\/wp\/v2\/types\/page"}],"author":[{"embeddable":true,"href":"https:\/\/www.blisstravel.gr\/es\/wp-json\/wp\/v2\/users\/1"}],"replies":[{"embeddable":true,"href":"https:\/\/www.blisstravel.gr\/es\/wp-json\/wp\/v2\/comments?post=279353"}],"version-history":[{"count":5,"href":"https:\/\/www.blisstravel.gr\/es\/wp-json\/wp\/v2\/pages\/279353\/revisions"}],"predecessor-version":[{"id":279709,"href":"https:\/\/www.blisstravel.gr\/es\/wp-json\/wp\/v2\/pages\/279353\/revisions\/279709"}],"up":[{"embeddable":true,"href":"https:\/\/www.blisstravel.gr\/es\/wp-json\/wp\/v2\/pages\/277908"}],"wp:attachment":[{"href":"https:\/\/www.blisstravel.gr\/es\/wp-json\/wp\/v2\/media?parent=279353"}],"curies":[{"name":"wp","href":"https:\/\/api.w.org\/{rel}","templated":true}]}}